{"id":18814,"date":"2025-03-06T15:44:11","date_gmt":"2025-03-06T14:44:11","guid":{"rendered":"https:\/\/domaineduruisseau.ca\/?page_id=18814"},"modified":"2025-03-28T17:47:04","modified_gmt":"2025-03-28T16:47:04","slug":"accueil","status":"publish","type":"page","link":"https:\/\/domaineduruisseau.ca\/en\/","title":{"rendered":"Home"},"content":{"rendered":"<p>[et_pb_section fb_built=\u00a0\u00bb1&Prime; fullwidth=\u00a0\u00bbon\u00a0\u00bb disabled_on=\u00a0\u00bbon|on|off\u00a0\u00bb _builder_version=\u00a0\u00bb4.27.2&Prime; _module_preset=\u00a0\u00bbdefault\u00a0\u00bb global_colors_info=\u00a0\u00bb{}\u00a0\u00bb][et_pb_fullwidth_code _builder_version=\u00a0\u00bb4.27.2&Prime; _module_preset=\u00a0\u00bbdefault\u00a0\u00bb global_colors_info=\u00a0\u00bb{}\u00a0\u00bb]<\/p>\n<div class=\"video-container\" style=\"position: relative; width: 100%; padding-bottom: 56.25%; height: 0; overflow: hidden;\"><!-- [et_pb_line_break_holder] -->    <iframe <!--no numeric noise key 1045-->        src=\u00a0\u00bbhttps:\/\/www.youtube-nocookie.com\/embed\/43xjqZjvqpE?autoplay=1&#038;loop=1&#038;playlist=43xjqZjvqpE&#038;controls=0&#038;mute=1&Prime; <!-- [et_pb_line_break_holder] -->        title=\u00a0\u00bbYouTube video player\u00a0\u00bb<!-- [et_pb_line_break_holder] -->        frameborder=\u00a0\u00bb0&Prime; <!-- [et_pb_line_break_holder] -->        allow=\u00a0\u00bbautoplay; encrypted-media\u00a0\u00bb <!-- [et_pb_line_break_holder] -->        referrerpolicy=\u00a0\u00bbstrict-origin-when-cross-origin\u00a0\u00bb <!-- [et_pb_line_break_holder] -->        allowfullscreen<!-- [et_pb_line_break_holder] -->        style=\u00a0\u00bbposition: absolute; top: 0; left: 0; width: 100%; height: 100%; pointer-events: none;\u00a0\u00bb><!-- [et_pb_line_break_holder] -->    <\/iframe><!-- [et_pb_line_break_holder] -->    <\/p>\n<div style=\"position: absolute; top: 0; left: 0; width: 100%; height: 100%; background: transparent;\"><\/div>\n<p><!-- [et_pb_line_break_holder] --><\/div>\n<p>[\/et_pb_fullwidth_code][\/et_pb_section][et_pb_section fb_built=\u00a0\u00bb1&Prime; _builder_version=\u00a0\u00bb4.27.2&Prime; _module_preset=\u00a0\u00bbdefault\u00a0\u00bb global_colors_info=\u00a0\u00bb{}\u00a0\u00bb][et_pb_row _builder_version=\u00a0\u00bb4.27.2&Prime; _module_preset=\u00a0\u00bbdefault\u00a0\u00bb animation_style=\u00a0\u00bbfade\u00a0\u00bb global_colors_info=\u00a0\u00bb{}\u00a0\u00bb][et_pb_column type=\u00a0\u00bb4_4&Prime; _builder_version=\u00a0\u00bb4.27.2&Prime; _module_preset=\u00a0\u00bbdefault\u00a0\u00bb global_colors_info=\u00a0\u00bb{}\u00a0\u00bb][et_pb_text _builder_version=\u00a0\u00bb4.27.2&Prime; _module_preset=\u00a0\u00bbdefault\u00a0\u00bb custom_margin=\u00a0\u00bb||13px|||\u00a0\u00bb global_colors_info=\u00a0\u00bb{}\u00a0\u00bb]<\/p>\n<p>PROJECT OVERVIEW<\/p>\n<p>[\/et_pb_text][et_pb_text _builder_version=\u00a0\u00bb4.27.2&Prime; _module_preset=\u00a0\u00bbdefault\u00a0\u00bb custom_margin=\u00a0\u00bb-3px|||||\u00a0\u00bb animation_style=\u00a0\u00bbflip\u00a0\u00bb animation_duration=\u00a0\u00bb1400ms\u00a0\u00bb global_colors_info=\u00a0\u00bb{}\u00a0\u00bb]<\/p>\n<h1>DOMAINE DU RUISSEAU<\/h1>\n<p>[\/et_pb_text][et_pb_gallery gallery_ids=\u00a0\u00bb19093,19116,19119,19115,19117&Prime; fullwidth=\u00a0\u00bbon\u00a0\u00bb _builder_version=\u00a0\u00bb4.27.2&Prime; _module_preset=\u00a0\u00bbdefault\u00a0\u00bb animation_style=\u00a0\u00bbslide\u00a0\u00bb animation_duration=\u00a0\u00bb1250ms\u00a0\u00bb auto=\u00a0\u00bbon\u00a0\u00bb global_colors_info=\u00a0\u00bb{}\u00a0\u00bb][\/et_pb_gallery][et_pb_text _builder_version=\u00a0\u00bb4.27.2&Prime; _module_preset=\u00a0\u00bbdefault\u00a0\u00bb text_font=\u00a0\u00bbBarlow||||||||\u00a0\u00bb text_text_color=\u00a0\u00bb#000000&Prime; text_font_size=\u00a0\u00bb17px\u00a0\u00bb width=\u00a0\u00bb100%\u00a0\u00bb global_colors_info=\u00a0\u00bb{}\u00a0\u00bb]<\/p>\n<p>Nestled in a beautiful valley, Domaine du Ruisseau offers an exceptional natural setting bordering the forest, with rolling landscapes. Located in Val-des-Monts, just minutes from Gatineau and Ottawa, Domaine du Ruisseau provides a peaceful and green environment, perfect for building your dream home. Enjoy a picturesque setting where nature, tranquility, and space come together, without sacrificing access to essential amenities.<\/p>\n<p>[\/et_pb_text][\/et_pb_column][\/et_pb_row][et_pb_row column_structure=\u00a0\u00bb1_2,1_2&Prime; _builder_version=\u00a0\u00bb4.27.2&Prime; _module_preset=\u00a0\u00bbdefault\u00a0\u00bb custom_margin=\u00a0\u00bb28px|auto||auto||\u00a0\u00bb global_colors_info=\u00a0\u00bb{}\u00a0\u00bb][et_pb_column type=\u00a0\u00bb1_2&Prime; _builder_version=\u00a0\u00bb4.27.2&Prime; _module_preset=\u00a0\u00bbdefault\u00a0\u00bb global_colors_info=\u00a0\u00bb{}\u00a0\u00bb][et_pb_text _builder_version=\u00a0\u00bb4.27.2&Prime; _module_preset=\u00a0\u00bbdefault\u00a0\u00bb custom_margin=\u00a0\u00bb-3px|||||\u00a0\u00bb global_colors_info=\u00a0\u00bb{}\u00a0\u00bb]<\/p>\n<h3>FOR YOUR FUTURE HOME<\/h3>\n<p>[\/et_pb_text][et_pb_text _builder_version=\u00a0\u00bb4.27.2&Prime; _module_preset=\u00a0\u00bbdefault\u00a0\u00bb text_font=\u00a0\u00bb||||||||\u00a0\u00bb text_text_color=\u00a0\u00bb#000000&Prime; width=\u00a0\u00bb100%\u00a0\u00bb custom_margin=\u00a0\u00bb-13px|||||\u00a0\u00bb hover_enabled=\u00a0\u00bb0&Prime; global_colors_info=\u00a0\u00bb{}\u00a0\u00bb sticky_enabled=\u00a0\u00bb0&Prime;]<\/p>\n<p>We offer 26 buildable lots with a range of possibilities: Build your custom home with your own plan and our construction management service. Choose a turnkey project with one of our exclusive models (Models M, N, or O). Our lots are carefully designed to maximize privacy and enhance the natural beauty of the site.<\/p>\n<p>[\/et_pb_text][et_pb_button button_url=\u00a0\u00bbhttps:\/\/domaineduruisseau.ca\/terrains\u00a0\u00bb button_text=\u00a0\u00bbEN SAVOIR PLUS\u00a0\u00bb _builder_version=\u00a0\u00bb4.27.2&Prime; _module_preset=\u00a0\u00bbdefault\u00a0\u00bb custom_button=\u00a0\u00bbon\u00a0\u00bb button_text_size=\u00a0\u00bb15px\u00a0\u00bb button_text_color=\u00a0\u00bb#FFFFFF\u00a0\u00bb button_bg_color=\u00a0\u00bb#FF6900&Prime; button_border_color=\u00a0\u00bbRGBA(255,255,255,0)\u00a0\u00bb button_font=\u00a0\u00bbRoboto|500||on|||||\u00a0\u00bb custom_margin=\u00a0\u00bb|||0px|false|false\u00a0\u00bb animation_style=\u00a0\u00bbfade\u00a0\u00bb animation_duration=\u00a0\u00bb1350ms\u00a0\u00bb global_colors_info=\u00a0\u00bb{}\u00a0\u00bb][\/et_pb_button][\/et_pb_column][et_pb_column type=\u00a0\u00bb1_2&Prime; _builder_version=\u00a0\u00bb4.27.2&Prime; _module_preset=\u00a0\u00bbdefault\u00a0\u00bb global_colors_info=\u00a0\u00bb{}\u00a0\u00bb][et_pb_image src=\u00a0\u00bbhttps:\/\/domaineduruisseau.ca\/wp-content\/uploads\/2025\/03\/1-web-or-mls-3N8A5352.jpg\u00a0\u00bb alt=\u00a0\u00bbMaison personnalis\u00e9e moderne \u00e0 Val-des-Monts \u2013 Con\u00e7ue sur mesure avec design contemporain, grandes fen\u00eatres et finitions haut de gamme\u00a0\u00bb title_text=\u00a0\u00bbMaison personnalis\u00e9e moderne con\u00e7ue sur mesure\u00a0\u00bb _builder_version=\u00a0\u00bb4.27.2&Prime; _module_preset=\u00a0\u00bbdefault\u00a0\u00bb animation_style=\u00a0\u00bbslide\u00a0\u00bb animation_direction=\u00a0\u00bbright\u00a0\u00bb animation_intensity_slide=\u00a0\u00bb14%\u00a0\u00bb global_colors_info=\u00a0\u00bb{}\u00a0\u00bb][\/et_pb_image][\/et_pb_column][\/et_pb_row][\/et_pb_section][et_pb_section fb_built=\u00a0\u00bb1&Prime; _builder_version=\u00a0\u00bb4.27.2&Prime; _module_preset=\u00a0\u00bbdefault\u00a0\u00bb background_color=\u00a0\u00bb#000000&Prime; animation_style=\u00a0\u00bbfade\u00a0\u00bb global_colors_info=\u00a0\u00bb{}\u00a0\u00bb][et_pb_row _builder_version=\u00a0\u00bb4.27.2&Prime; _module_preset=\u00a0\u00bbdefault\u00a0\u00bb global_colors_info=\u00a0\u00bb{}\u00a0\u00bb][et_pb_column type=\u00a0\u00bb4_4&Prime; _builder_version=\u00a0\u00bb4.27.2&Prime; _module_preset=\u00a0\u00bbdefault\u00a0\u00bb global_colors_info=\u00a0\u00bb{}\u00a0\u00bb][et_pb_text _builder_version=\u00a0\u00bb4.27.2&Prime; _module_preset=\u00a0\u00bbdefault\u00a0\u00bb text_text_color=\u00a0\u00bb#FFFFFF\u00a0\u00bb custom_margin=\u00a0\u00bb||13px|||\u00a0\u00bb global_colors_info=\u00a0\u00bb{}\u00a0\u00bb]<\/p>\n<p>PROJECT OVERVIEW<\/p>\n<p>[\/et_pb_text][et_pb_text _builder_version=\u00a0\u00bb4.27.2&Prime; _module_preset=\u00a0\u00bbdefault\u00a0\u00bb header_2_text_color=\u00a0\u00bb#FFFFFF\u00a0\u00bb custom_margin=\u00a0\u00bb-3px|||||\u00a0\u00bb global_colors_info=\u00a0\u00bb{}\u00a0\u00bb]<\/p>\n<h2>LOCATION<\/h2>\n<p>[\/et_pb_text][\/et_pb_column][\/et_pb_row][et_pb_row column_structure=\u00a0\u00bb1_2,1_2&Prime; _builder_version=\u00a0\u00bb4.27.2&Prime; _module_preset=\u00a0\u00bbdefault\u00a0\u00bb custom_margin=\u00a0\u00bb-16px|auto||auto||\u00a0\u00bb global_colors_info=\u00a0\u00bb{}\u00a0\u00bb][et_pb_column type=\u00a0\u00bb1_2&Prime; _builder_version=\u00a0\u00bb4.27.2&Prime; _module_preset=\u00a0\u00bbdefault\u00a0\u00bb global_colors_info=\u00a0\u00bb{}\u00a0\u00bb][et_pb_text _builder_version=\u00a0\u00bb4.27.2&Prime; _module_preset=\u00a0\u00bbdefault\u00a0\u00bb text_font=\u00a0\u00bbBarlow||||||||\u00a0\u00bb text_text_color=\u00a0\u00bb#FFFFFF\u00a0\u00bb text_font_size=\u00a0\u00bb17px\u00a0\u00bb ul_font=\u00a0\u00bbBarlow||||||||\u00a0\u00bb ul_font_size=\u00a0\u00bb17px\u00a0\u00bb animation_style=\u00a0\u00bbfade\u00a0\u00bb animation_duration=\u00a0\u00bb1550ms\u00a0\u00bb global_colors_info=\u00a0\u00bb{}\u00a0\u00bb]<\/p>\n<p>Domaine du Ruisseau boasts an ideal location, offering a peaceful natural setting while remaining close to major cities. Just minutes from shops and services, this project is perfect for those seeking a place to live that combines tranquility and convenience.<\/p>\n<p>&nbsp;<\/p>\n<ul>\n<li>Accessible via Highway 50<\/li>\n<li>24 km from downtown Gatineau<\/li>\n<li>27 km from downtown Ottawa<\/li>\n<li>Shops and services just a few minutes away<\/li>\n<li>Primary schools and subsidized daycare services nearby<\/li>\n<li>A dynamic municipality with a wide range of sports, recreational, and cultural activities.<\/li>\n<li>More than 125 lakes surrounded by valleys and mountains.<\/li>\n<li>A highly sought-after place to live and vacation in Outaouais, known for its many tourist attractions.<\/li>\n<\/ul>\n<p>[\/et_pb_text][\/et_pb_column][et_pb_column type=\u00a0\u00bb1_2&Prime; _builder_version=\u00a0\u00bb4.27.2&Prime; _module_preset=\u00a0\u00bbdefault\u00a0\u00bb global_colors_info=\u00a0\u00bb{}\u00a0\u00bb][et_pb_code _builder_version=\u00a0\u00bb4.27.2&Prime; _module_preset=\u00a0\u00bbdefault\u00a0\u00bb animation_style=\u00a0\u00bbfade\u00a0\u00bb animation_duration=\u00a0\u00bb1600ms\u00a0\u00bb global_colors_info=\u00a0\u00bb{}\u00a0\u00bb]<\/p>\n<div class=\"responsive-map\"><!-- [et_pb_line_break_holder] -->    <iframe  title=\"google maps\"<!--no numeric noise key 1034-->        src=\u00a0\u00bbhttps:\/\/www.google.com\/maps\/d\/u\/0\/embed?mid=1EQHIAtZ12-3jvf3_YApxzkcM37WdD9_2&#038;ehbc=2E312F\u00a0\u00bb <!-- [et_pb_line_break_holder] -->        width=\u00a0\u00bb100%\u00a0\u00bb <!-- [et_pb_line_break_holder] -->        height=\u00a0\u00bb100%\u00a0\u00bb <!-- [et_pb_line_break_holder] -->        style=\u00a0\u00bb<!-- [et_pb_line_break_holder] -->            position: absolute; <!-- [et_pb_line_break_holder] -->            top: 0; <!-- [et_pb_line_break_holder] -->            left: 0; <!-- [et_pb_line_break_holder] -->            border: 0;\u00a0\u00bb><!-- [et_pb_line_break_holder] -->    <\/iframe><!-- [et_pb_line_break_holder] --><\/div>\n<p><!-- [et_pb_line_break_holder] --><!-- [et_pb_line_break_holder] --><\/p>\n<style><!-- [et_pb_line_break_holder] -->    .responsive-map {<!-- [et_pb_line_break_holder] -->        position: relative; <!-- [et_pb_line_break_holder] -->        width: 100%; <!-- [et_pb_line_break_holder] -->        \/*padding-top: 60%; Aspect ratio trick for 60vh on desktop *\/<!-- [et_pb_line_break_holder] -->        border-radius: 15px; <!-- [et_pb_line_break_holder] -->        overflow: hidden; <!-- [et_pb_line_break_holder] -->        box-shadow: 0 4px 15px rgba(0, 0, 0, 0.2);<!-- [et_pb_line_break_holder] -->        min-height: 300px; \/* Ensure enough space for the map *\/<!-- [et_pb_line_break_holder] -->    }<!-- [et_pb_line_break_holder] --><!-- [et_pb_line_break_holder] -->    \/* Clearfix to ensure proper element flow *\/<!-- [et_pb_line_break_holder] -->    .responsive-map::after {<!-- [et_pb_line_break_holder] -->        content: \"\";<!-- [et_pb_line_break_holder] -->        display: table;<!-- [et_pb_line_break_holder] -->        clear: both;<!-- [et_pb_line_break_holder] -->    }<!-- [et_pb_line_break_holder] --><!-- [et_pb_line_break_holder] -->    @media (max-width: 768px) {<!-- [et_pb_line_break_holder] -->        .responsive-map {<!-- [et_pb_line_break_holder] -->            padding-top: 50%; \/* Adjust height for mobile *\/<!-- [et_pb_line_break_holder] -->        }<!-- [et_pb_line_break_holder] -->    }<!-- [et_pb_line_break_holder] --><\/style>\n<p>[\/et_pb_code][\/et_pb_column][\/et_pb_row][\/et_pb_section]<\/p>","protected":false},"excerpt":{"rendered":"<p>APER\u00c7U DU PROJETDOMAINE DU RUISSEAUNich\u00e9 dans une belle vall\u00e9e, aux paysages vallonn\u00e9s et en bordure de la for\u00eat, le Domaine du Ruisseau offre un d\u00e9cor naturel exceptionnel. Situ\u00e9 \u00e0 Val-des-Monts, \u00e0 seulement quelques minutes de Gatineau et d&rsquo;Ottawa, le Domaine du Ruisseau vous offre un environnement paisible et verdoyant, id\u00e9al pour construire votre maison de [&hellip;]<\/p>","protected":false},"author":2,"featured_media":0,"parent":0,"menu_order":0,"comment_status":"closed","ping_status":"closed","template":"","meta":{"_et_pb_use_builder":"on","_et_pb_old_content":"<!-- wp:divi\/placeholder \/-->","_et_gb_content_width":"","footnotes":""},"class_list":["post-18814","page","type-page","status-publish","hentry"],"yoast_head":"<!-- This site is optimized with the Yoast SEO plugin v25.1 - https:\/\/yoast.com\/wordpress\/plugins\/seo\/ -->\n<title>Accueil - Domaine du Ruisseau | Projet r&eacute;sidentiel &agrave; Val-des-Monts, QC<\/title>\n<meta name=\"description\" content=\"D\u00e9couvrez Le Domaine du Ruisseau \u00e0 Val-des-Monts. Achetez un terrain, construisez votre maison sur mesure ou optez pour un projet cl\u00e9 en main.\" \/>\n<meta name=\"robots\" content=\"index, follow, max-snippet:-1, max-image-preview:large, max-video-preview:-1\" \/>\n<link rel=\"canonical\" href=\"https:\/\/domaineduruisseau.ca\/en\/\" \/>\n<meta property=\"og:locale\" content=\"en_US\" \/>\n<meta property=\"og:type\" content=\"article\" \/>\n<meta property=\"og:title\" content=\"Accueil - Domaine du Ruisseau | Projet r&eacute;sidentiel &agrave; Val-des-Monts, QC\" \/>\n<meta property=\"og:description\" content=\"D\u00e9couvrez Le Domaine du Ruisseau \u00e0 Val-des-Monts. Achetez un terrain, construisez votre maison sur mesure ou optez pour un projet cl\u00e9 en main.\" \/>\n<meta property=\"og:url\" content=\"https:\/\/domaineduruisseau.ca\/en\/\" \/>\n<meta property=\"og:site_name\" content=\"Domaine du Ruisseau | Projet r&eacute;sidentiel &agrave; Val-des-Monts, QC\" \/>\n<meta property=\"article:modified_time\" content=\"2025-03-28T16:47:04+00:00\" \/>\n<meta name=\"twitter:card\" content=\"summary_large_image\" \/>\n<meta name=\"twitter:label1\" content=\"Est. reading time\" \/>\n\t<meta name=\"twitter:data1\" content=\"2 minutes\" \/>\n<script type=\"application\/ld+json\" class=\"yoast-schema-graph\">{\"@context\":\"https:\/\/schema.org\",\"@graph\":[{\"@type\":\"WebPage\",\"@id\":\"https:\/\/domaineduruisseau.ca\/\",\"url\":\"https:\/\/domaineduruisseau.ca\/\",\"name\":\"Accueil - Domaine du Ruisseau | Projet r&eacute;sidentiel &agrave; Val-des-Monts, QC\",\"isPartOf\":{\"@id\":\"https:\/\/domaineduruisseau.ca\/#website\"},\"datePublished\":\"2025-03-06T14:44:11+00:00\",\"dateModified\":\"2025-03-28T16:47:04+00:00\",\"description\":\"D\u00e9couvrez Le Domaine du Ruisseau \u00e0 Val-des-Monts. Achetez un terrain, construisez votre maison sur mesure ou optez pour un projet cl\u00e9 en main.\",\"breadcrumb\":{\"@id\":\"https:\/\/domaineduruisseau.ca\/#breadcrumb\"},\"inLanguage\":\"en-CA\",\"potentialAction\":[{\"@type\":\"ReadAction\",\"target\":[\"https:\/\/domaineduruisseau.ca\/\"]}]},{\"@type\":\"BreadcrumbList\",\"@id\":\"https:\/\/domaineduruisseau.ca\/#breadcrumb\",\"itemListElement\":[{\"@type\":\"ListItem\",\"position\":1,\"name\":\"Accueil\",\"item\":\"https:\/\/domaineduruisseau.ca\/\"},{\"@type\":\"ListItem\",\"position\":2,\"name\":\"Accueil\"}]},{\"@type\":\"WebSite\",\"@id\":\"https:\/\/domaineduruisseau.ca\/#website\",\"url\":\"https:\/\/domaineduruisseau.ca\/\",\"name\":\"Domaine du Ruisseau | Projet r\u00e9sidentiel \u00e0 Val-des-Monts, QC\",\"description\":\"Projet r&eacute;sidentiel &agrave; Val-des-Monts, QC\",\"publisher\":{\"@id\":\"https:\/\/domaineduruisseau.ca\/#organization\"},\"potentialAction\":[{\"@type\":\"SearchAction\",\"target\":{\"@type\":\"EntryPoint\",\"urlTemplate\":\"https:\/\/domaineduruisseau.ca\/?s={search_term_string}\"},\"query-input\":{\"@type\":\"PropertyValueSpecification\",\"valueRequired\":true,\"valueName\":\"search_term_string\"}}],\"inLanguage\":\"en-CA\"},{\"@type\":\"Organization\",\"@id\":\"https:\/\/domaineduruisseau.ca\/#organization\",\"name\":\"Domaine du Ruisseau | Projet r\u00e9sidentiel \u00e0 Val-des-Monts, QC\",\"url\":\"https:\/\/domaineduruisseau.ca\/\",\"logo\":{\"@type\":\"ImageObject\",\"inLanguage\":\"en-CA\",\"@id\":\"https:\/\/domaineduruisseau.ca\/#\/schema\/logo\/image\/\",\"url\":\"https:\/\/domaineduruisseau.ca\/wp-content\/uploads\/2022\/11\/Logo-DDR_Noir.png\",\"contentUrl\":\"https:\/\/domaineduruisseau.ca\/wp-content\/uploads\/2022\/11\/Logo-DDR_Noir.png\",\"width\":151,\"height\":176,\"caption\":\"Domaine du Ruisseau | Projet r\u00e9sidentiel \u00e0 Val-des-Monts, QC\"},\"image\":{\"@id\":\"https:\/\/domaineduruisseau.ca\/#\/schema\/logo\/image\/\"}}]}<\/script>\n<!-- \/ Yoast SEO plugin. -->","yoast_head_json":{"title":"Accueil - Domaine du Ruisseau | Projet r&eacute;sidentiel &agrave; Val-des-Monts, QC","description":"D\u00e9couvrez Le Domaine du Ruisseau \u00e0 Val-des-Monts. Achetez un terrain, construisez votre maison sur mesure ou optez pour un projet cl\u00e9 en main.","robots":{"index":"index","follow":"follow","max-snippet":"max-snippet:-1","max-image-preview":"max-image-preview:large","max-video-preview":"max-video-preview:-1"},"canonical":"https:\/\/domaineduruisseau.ca\/en\/","og_locale":"en_US","og_type":"article","og_title":"Accueil - Domaine du Ruisseau | Projet r&eacute;sidentiel &agrave; Val-des-Monts, QC","og_description":"D\u00e9couvrez Le Domaine du Ruisseau \u00e0 Val-des-Monts. Achetez un terrain, construisez votre maison sur mesure ou optez pour un projet cl\u00e9 en main.","og_url":"https:\/\/domaineduruisseau.ca\/en\/","og_site_name":"Domaine du Ruisseau | Projet r&eacute;sidentiel &agrave; Val-des-Monts, QC","article_modified_time":"2025-03-28T16:47:04+00:00","twitter_card":"summary_large_image","twitter_misc":{"Est. reading time":"2 minutes"},"schema":{"@context":"https:\/\/schema.org","@graph":[{"@type":"WebPage","@id":"https:\/\/domaineduruisseau.ca\/","url":"https:\/\/domaineduruisseau.ca\/","name":"Accueil - Domaine du Ruisseau | Projet r&eacute;sidentiel &agrave; Val-des-Monts, QC","isPartOf":{"@id":"https:\/\/domaineduruisseau.ca\/#website"},"datePublished":"2025-03-06T14:44:11+00:00","dateModified":"2025-03-28T16:47:04+00:00","description":"D\u00e9couvrez Le Domaine du Ruisseau \u00e0 Val-des-Monts. Achetez un terrain, construisez votre maison sur mesure ou optez pour un projet cl\u00e9 en main.","breadcrumb":{"@id":"https:\/\/domaineduruisseau.ca\/#breadcrumb"},"inLanguage":"en-CA","potentialAction":[{"@type":"ReadAction","target":["https:\/\/domaineduruisseau.ca\/"]}]},{"@type":"BreadcrumbList","@id":"https:\/\/domaineduruisseau.ca\/#breadcrumb","itemListElement":[{"@type":"ListItem","position":1,"name":"Accueil","item":"https:\/\/domaineduruisseau.ca\/"},{"@type":"ListItem","position":2,"name":"Accueil"}]},{"@type":"WebSite","@id":"https:\/\/domaineduruisseau.ca\/#website","url":"https:\/\/domaineduruisseau.ca\/","name":"Domaine du Ruisseau | Projet r\u00e9sidentiel \u00e0 Val-des-Monts, QC","description":"Projet r&eacute;sidentiel &agrave; Val-des-Monts, QC","publisher":{"@id":"https:\/\/domaineduruisseau.ca\/#organization"},"potentialAction":[{"@type":"SearchAction","target":{"@type":"EntryPoint","urlTemplate":"https:\/\/domaineduruisseau.ca\/?s={search_term_string}"},"query-input":{"@type":"PropertyValueSpecification","valueRequired":true,"valueName":"search_term_string"}}],"inLanguage":"en-CA"},{"@type":"Organization","@id":"https:\/\/domaineduruisseau.ca\/#organization","name":"Domaine du Ruisseau | Projet r\u00e9sidentiel \u00e0 Val-des-Monts, QC","url":"https:\/\/domaineduruisseau.ca\/","logo":{"@type":"ImageObject","inLanguage":"en-CA","@id":"https:\/\/domaineduruisseau.ca\/#\/schema\/logo\/image\/","url":"https:\/\/domaineduruisseau.ca\/wp-content\/uploads\/2022\/11\/Logo-DDR_Noir.png","contentUrl":"https:\/\/domaineduruisseau.ca\/wp-content\/uploads\/2022\/11\/Logo-DDR_Noir.png","width":151,"height":176,"caption":"Domaine du Ruisseau | Projet r\u00e9sidentiel \u00e0 Val-des-Monts, QC"},"image":{"@id":"https:\/\/domaineduruisseau.ca\/#\/schema\/logo\/image\/"}}]}},"_links":{"self":[{"href":"https:\/\/domaineduruisseau.ca\/en\/wp-json\/wp\/v2\/pages\/18814","targetHints":{"allow":["GET"]}}],"collection":[{"href":"https:\/\/domaineduruisseau.ca\/en\/wp-json\/wp\/v2\/pages"}],"about":[{"href":"https:\/\/domaineduruisseau.ca\/en\/wp-json\/wp\/v2\/types\/page"}],"author":[{"embeddable":true,"href":"https:\/\/domaineduruisseau.ca\/en\/wp-json\/wp\/v2\/users\/2"}],"replies":[{"embeddable":true,"href":"https:\/\/domaineduruisseau.ca\/en\/wp-json\/wp\/v2\/comments?post=18814"}],"version-history":[{"count":53,"href":"https:\/\/domaineduruisseau.ca\/en\/wp-json\/wp\/v2\/pages\/18814\/revisions"}],"predecessor-version":[{"id":19230,"href":"https:\/\/domaineduruisseau.ca\/en\/wp-json\/wp\/v2\/pages\/18814\/revisions\/19230"}],"wp:attachment":[{"href":"https:\/\/domaineduruisseau.ca\/en\/wp-json\/wp\/v2\/media?parent=18814"}],"curies":[{"name":"wp","href":"https:\/\/api.w.org\/{rel}","templated":true}]}}