{"id":18817,"date":"2025-03-13T21:43:15","date_gmt":"2025-03-13T20:43:15","guid":{"rendered":"https:\/\/domaineduruisseau.ca\/?page_id=18817"},"modified":"2025-03-27T18:02:44","modified_gmt":"2025-03-27T17:02:44","slug":"contact","status":"publish","type":"page","link":"http:\/\/domaineduruisseau.ca\/en\/contact\/","title":{"rendered":"Contact"},"content":{"rendered":"<p>[et_pb_section fb_built=\u00a0\u00bb1&Prime; _builder_version=\u00a0\u00bb4.27.2&Prime; _module_preset=\u00a0\u00bbdefault\u00a0\u00bb use_background_color_gradient=\u00a0\u00bbon\u00a0\u00bb background_color_gradient_stops=\u00a0\u00bbrgba(255,255,255,0.8) 0%|rgba(255,255,255,0.8) 100%\u00a0\u00bb background_color_gradient_overlays_image=\u00a0\u00bbon\u00a0\u00bb background_image=\u00a0\u00bbhttps:\/\/domaineduruisseau.ca\/wp-content\/uploads\/2025\/03\/DJI_0137.jpg\u00a0\u00bb hover_enabled=\u00a0\u00bb0&Prime; global_colors_info=\u00a0\u00bb{}\u00a0\u00bb alt=\u00a0\u00bbVue a\u00e9rienne du Domaine du Ruisseau \u00e0 Val-des-Monts en \u00e9t\u00e9\u00a0\u00bb title_text=\u00a0\u00bbDJI_0137 DDR\u00a0\u00bb sticky_enabled=\u00a0\u00bb0&Prime;][et_pb_row _builder_version=\u00a0\u00bb4.27.2&Prime; _module_preset=\u00a0\u00bbdefault\u00a0\u00bb global_colors_info=\u00a0\u00bb{}\u00a0\u00bb][et_pb_column type=\u00a0\u00bb4_4&Prime; _builder_version=\u00a0\u00bb4.27.2&Prime; _module_preset=\u00a0\u00bbdefault\u00a0\u00bb global_colors_info=\u00a0\u00bb{}\u00a0\u00bb][et_pb_text _builder_version=\u00a0\u00bb4.27.2&Prime; _module_preset=\u00a0\u00bbdefault\u00a0\u00bb custom_margin=\u00a0\u00bb||3px|||\u00a0\u00bb global_colors_info=\u00a0\u00bb{}\u00a0\u00bb]<\/p>\n<h5>DOMAINE DU RUISSEAU<\/h5>\n<p>[\/et_pb_text][et_pb_text _builder_version=\u00a0\u00bb4.27.2&Prime; _module_preset=\u00a0\u00bbdefault\u00a0\u00bb global_colors_info=\u00a0\u00bb{}\u00a0\u00bb]<\/p>\n<h1>FREQUENTLY ASKED QUESTIONS<\/h1>\n<p>[\/et_pb_text][et_pb_toggle title=\u00a0\u00bbQuand commence la mise en vente ?\u00a0\u00bb _builder_version=\u00a0\u00bb4.27.2&Prime; _module_preset=\u00a0\u00bbdefault\u00a0\u00bb animation_style=\u00a0\u00bbfade\u00a0\u00bb global_colors_info=\u00a0\u00bb{}\u00a0\u00bb]<\/p>\n<p class=\"translation-block\">The sale of lots at Domaine du Ruisseau in Val-des-Monts has already started! The lots are currently available for pre-sale, offering a unique opportunity to reserve your ideal location before construction begins. You have the flexibility to choose the option that best suits your project: purchase the land only, undertake a self-build with Exo Construction, or opt for a turnkey home designed by our experts. Our exclusive single-family home models are specifically designed to blend with the natural surroundings of the domain. Our team is available to guide you in selecting the lot and model that best match your needs and lifestyle.<\/p>\n<p>[\/et_pb_toggle][et_pb_toggle title=\u00a0\u00bbPuis-je fournir mon propre plan de maison ?\u00a0\u00bb _builder_version=\u00a0\u00bb4.27.2&Prime; _module_preset=\u00a0\u00bbdefault\u00a0\u00bb animation_style=\u00a0\u00bbfade\u00a0\u00bb animation_duration=\u00a0\u00bb1400ms\u00a0\u00bb global_colors_info=\u00a0\u00bb{}\u00a0\u00bb]<\/p>\n<p data-start=\"793\" data-end=\"1114\" class=\"\">Yes! If you already have a plan in mind, Exo Construction offers a full construction management service. We support you at every stage of the project. Our team handles planning and execution, ensuring the quality of construction, as well as adherence to timelines and budget.<\/p>\n<p data-start=\"1116\" data-end=\"1382\" class=\"\">Whether you wish to customize an existing model or start from scratch, we have renowned designer partners. They will work with you to create a custom home perfectly suited to your lifestyle and the natural surroundings of Domaine du Ruisseau.<\/p>\n<p>[\/et_pb_toggle][et_pb_toggle title=\u00a0\u00bbQuels sont les prix des terrains ?\u00a0\u00bb _builder_version=\u00a0\u00bb4.27.2&Prime; _module_preset=\u00a0\u00bbdefault\u00a0\u00bb animation_style=\u00a0\u00bbfade\u00a0\u00bb animation_duration=\u00a0\u00bb1800ms\u00a0\u00bb global_colors_info=\u00a0\u00bb{}\u00a0\u00bb]<\/p>\n<p>Our lots at Domaine du Ruisseau are offered starting at $135,000, with prices varying based on size and location. Each lot benefits from an exceptional natural setting, providing both privacy and easy access to amenities. For more information about available options and to view the complete price list, please contact our team or explore our interactive map.<\/p>\n<p><a href=\"https:\/\/domaineduruisseau.ca\/en\/terrains\/\"><button style=\"background-color: #ff6900; color: white; padding: 12px 24px; border: none; border-radius: 6px; font-size: 16px; font-weight: bold; text-transform: uppercase; cursor: pointer;\">SEE OUR LOTS<\/button><\/a><\/p>\n<p>[\/et_pb_toggle][et_pb_toggle title=\u00a0\u00bbPuis-je avoir un logement parental additionnel ?\u00a0\u00bb _builder_version=\u00a0\u00bb4.27.2&Prime; _module_preset=\u00a0\u00bbdefault\u00a0\u00bb animation_style=\u00a0\u00bbfade\u00a0\u00bb animation_duration=\u00a0\u00bb2200ms\u00a0\u00bb global_colors_info=\u00a0\u00bb{}\u00a0\u00bb]<\/p>\n<p data-start=\"1389\" data-end=\"1595\" class=\"\">Yes, provided that municipal regulations are followed. Our team of experts will guide you throughout the project. We handle the validation of local standards and the final construction.<\/p>\n<p data-start=\"1597\" data-end=\"1760\" class=\"\">We ensure that your parental unit (multi-generational) complies with the current regulations. Additionally, we optimize the space and comfort of your home.<\/p>\n<p>[\/et_pb_toggle][et_pb_toggle title=\u00a0\u00bbInteress\u00e9 par un terrain un un mod\u00e8le de maison ?\u00a0\u00bb _builder_version=\u00a0\u00bb4.27.2&Prime; _module_preset=\u00a0\u00bbdefault\u00a0\u00bb animation_style=\u00a0\u00bbfade\u00a0\u00bb animation_duration=\u00a0\u00bb2600ms\u00a0\u00bb global_colors_info=\u00a0\u00bb{}\u00a0\u00bb]<\/p>\n<p data-start=\"1767\" data-end=\"2069\" class=\"\">Explore our available lots and exclusive models. They are designed to blend seamlessly with the natural surroundings of Domaine du Ruisseau. You can choose to build a custom home or opt for a turnkey solution. Our team is here to guide you at every step.<\/p>\n<p data-start=\"2071\" data-end=\"2158\" class=\"\">Contact us today to learn more and reserve your future location.<\/p>\n<p><a href=\"#contact\"><button style=\"background-color: #ff6900; color: white; padding: 12px 24px; border: none; border-radius: 6px; font-size: 16px; font-weight: bold; text-transform: uppercase; cursor: pointer;\">Contact us<\/button><\/a><\/p>\n<p>[\/et_pb_toggle][\/et_pb_column][\/et_pb_row][\/et_pb_section]<\/p>","protected":false},"excerpt":{"rendered":"<p>DOMAINE DU RUISSEAUQUESTIONS FR\u00c9QUENTESLa mise en vente des terrains au Domaine du Ruisseau \u00e0 Val-des-Monts est d\u00e9j\u00e0 commenc\u00e9e ! Les terrains sont actuellement disponibles en pr\u00e9vente, offrant une occasion unique de r\u00e9server votre emplacement id\u00e9al avant le d\u00e9but des travaux. Vous avez la flexibilit\u00e9 de choisir l\u2019option qui correspond le mieux \u00e0 votre projet : [&hellip;]<\/p>","protected":false},"author":2,"featured_media":0,"parent":0,"menu_order":0,"comment_status":"closed","ping_status":"closed","template":"","meta":{"_et_pb_use_builder":"on","_et_pb_old_content":"","_et_gb_content_width":"","footnotes":""},"class_list":["post-18817","page","type-page","status-publish","hentry"],"yoast_head":"<!-- This site is optimized with the Yoast SEO plugin v25.1 - https:\/\/yoast.com\/wordpress\/plugins\/seo\/ -->\n<title>Contact - Domaine du Ruisseau | Projet r&eacute;sidentiel &agrave; Val-des-Monts, QC<\/title>\n<meta name=\"description\" content=\"Contactez-nous pour plus d&#039;information sur les opportunit\u00e9s uniques au Domaine du Ruisseau \u00e0 Val-des-Monts.\" \/>\n<meta name=\"robots\" content=\"index, follow, max-snippet:-1, max-image-preview:large, max-video-preview:-1\" \/>\n<link rel=\"canonical\" href=\"https:\/\/domaineduruisseau.ca\/en\/contact\/\" \/>\n<meta property=\"og:locale\" content=\"en_US\" \/>\n<meta property=\"og:type\" content=\"article\" \/>\n<meta property=\"og:title\" content=\"Contact - Domaine du Ruisseau | Projet r&eacute;sidentiel &agrave; Val-des-Monts, QC\" \/>\n<meta property=\"og:description\" content=\"Contactez-nous pour plus d&#039;information sur les opportunit\u00e9s uniques au Domaine du Ruisseau \u00e0 Val-des-Monts.\" \/>\n<meta property=\"og:url\" content=\"https:\/\/domaineduruisseau.ca\/en\/contact\/\" \/>\n<meta property=\"og:site_name\" content=\"Domaine du Ruisseau | Projet r&eacute;sidentiel &agrave; Val-des-Monts, QC\" \/>\n<meta property=\"article:modified_time\" content=\"2025-03-27T17:02:44+00:00\" \/>\n<meta name=\"twitter:card\" content=\"summary_large_image\" \/>\n<meta name=\"twitter:label1\" content=\"Est. reading time\" \/>\n\t<meta name=\"twitter:data1\" content=\"3 minutes\" \/>\n<script type=\"application\/ld+json\" class=\"yoast-schema-graph\">{\"@context\":\"https:\/\/schema.org\",\"@graph\":[{\"@type\":\"WebPage\",\"@id\":\"https:\/\/domaineduruisseau.ca\/contact\/\",\"url\":\"https:\/\/domaineduruisseau.ca\/contact\/\",\"name\":\"Contact - Domaine du Ruisseau | Projet r&eacute;sidentiel &agrave; Val-des-Monts, QC\",\"isPartOf\":{\"@id\":\"https:\/\/domaineduruisseau.ca\/#website\"},\"datePublished\":\"2025-03-13T20:43:15+00:00\",\"dateModified\":\"2025-03-27T17:02:44+00:00\",\"description\":\"Contactez-nous pour plus d'information sur les opportunit\u00e9s uniques au Domaine du Ruisseau \u00e0 Val-des-Monts.\",\"breadcrumb\":{\"@id\":\"https:\/\/domaineduruisseau.ca\/contact\/#breadcrumb\"},\"inLanguage\":\"en-CA\",\"potentialAction\":[{\"@type\":\"ReadAction\",\"target\":[\"https:\/\/domaineduruisseau.ca\/contact\/\"]}]},{\"@type\":\"BreadcrumbList\",\"@id\":\"https:\/\/domaineduruisseau.ca\/contact\/#breadcrumb\",\"itemListElement\":[{\"@type\":\"ListItem\",\"position\":1,\"name\":\"Accueil\",\"item\":\"https:\/\/domaineduruisseau.ca\/\"},{\"@type\":\"ListItem\",\"position\":2,\"name\":\"Contact\"}]},{\"@type\":\"WebSite\",\"@id\":\"https:\/\/domaineduruisseau.ca\/#website\",\"url\":\"https:\/\/domaineduruisseau.ca\/\",\"name\":\"Domaine du Ruisseau | Projet r\u00e9sidentiel \u00e0 Val-des-Monts, QC\",\"description\":\"Projet r&eacute;sidentiel &agrave; Val-des-Monts, QC\",\"publisher\":{\"@id\":\"https:\/\/domaineduruisseau.ca\/#organization\"},\"potentialAction\":[{\"@type\":\"SearchAction\",\"target\":{\"@type\":\"EntryPoint\",\"urlTemplate\":\"https:\/\/domaineduruisseau.ca\/?s={search_term_string}\"},\"query-input\":{\"@type\":\"PropertyValueSpecification\",\"valueRequired\":true,\"valueName\":\"search_term_string\"}}],\"inLanguage\":\"en-CA\"},{\"@type\":\"Organization\",\"@id\":\"https:\/\/domaineduruisseau.ca\/#organization\",\"name\":\"Domaine du Ruisseau | Projet r\u00e9sidentiel \u00e0 Val-des-Monts, QC\",\"url\":\"https:\/\/domaineduruisseau.ca\/\",\"logo\":{\"@type\":\"ImageObject\",\"inLanguage\":\"en-CA\",\"@id\":\"https:\/\/domaineduruisseau.ca\/#\/schema\/logo\/image\/\",\"url\":\"https:\/\/domaineduruisseau.ca\/wp-content\/uploads\/2022\/11\/Logo-DDR_Noir.png\",\"contentUrl\":\"https:\/\/domaineduruisseau.ca\/wp-content\/uploads\/2022\/11\/Logo-DDR_Noir.png\",\"width\":151,\"height\":176,\"caption\":\"Domaine du Ruisseau | Projet r\u00e9sidentiel \u00e0 Val-des-Monts, QC\"},\"image\":{\"@id\":\"https:\/\/domaineduruisseau.ca\/#\/schema\/logo\/image\/\"}}]}<\/script>\n<!-- \/ Yoast SEO plugin. -->","yoast_head_json":{"title":"Contact - Domaine du Ruisseau | Projet r&eacute;sidentiel &agrave; Val-des-Monts, QC","description":"Contactez-nous pour plus d'information sur les opportunit\u00e9s uniques au Domaine du Ruisseau \u00e0 Val-des-Monts.","robots":{"index":"index","follow":"follow","max-snippet":"max-snippet:-1","max-image-preview":"max-image-preview:large","max-video-preview":"max-video-preview:-1"},"canonical":"https:\/\/domaineduruisseau.ca\/en\/contact\/","og_locale":"en_US","og_type":"article","og_title":"Contact - Domaine du Ruisseau | Projet r&eacute;sidentiel &agrave; Val-des-Monts, QC","og_description":"Contactez-nous pour plus d'information sur les opportunit\u00e9s uniques au Domaine du Ruisseau \u00e0 Val-des-Monts.","og_url":"https:\/\/domaineduruisseau.ca\/en\/contact\/","og_site_name":"Domaine du Ruisseau | Projet r&eacute;sidentiel &agrave; Val-des-Monts, QC","article_modified_time":"2025-03-27T17:02:44+00:00","twitter_card":"summary_large_image","twitter_misc":{"Est. reading time":"3 minutes"},"schema":{"@context":"https:\/\/schema.org","@graph":[{"@type":"WebPage","@id":"https:\/\/domaineduruisseau.ca\/contact\/","url":"https:\/\/domaineduruisseau.ca\/contact\/","name":"Contact - Domaine du Ruisseau | Projet r&eacute;sidentiel &agrave; Val-des-Monts, QC","isPartOf":{"@id":"https:\/\/domaineduruisseau.ca\/#website"},"datePublished":"2025-03-13T20:43:15+00:00","dateModified":"2025-03-27T17:02:44+00:00","description":"Contactez-nous pour plus d'information sur les opportunit\u00e9s uniques au Domaine du Ruisseau \u00e0 Val-des-Monts.","breadcrumb":{"@id":"https:\/\/domaineduruisseau.ca\/contact\/#breadcrumb"},"inLanguage":"en-CA","potentialAction":[{"@type":"ReadAction","target":["https:\/\/domaineduruisseau.ca\/contact\/"]}]},{"@type":"BreadcrumbList","@id":"https:\/\/domaineduruisseau.ca\/contact\/#breadcrumb","itemListElement":[{"@type":"ListItem","position":1,"name":"Accueil","item":"https:\/\/domaineduruisseau.ca\/"},{"@type":"ListItem","position":2,"name":"Contact"}]},{"@type":"WebSite","@id":"https:\/\/domaineduruisseau.ca\/#website","url":"https:\/\/domaineduruisseau.ca\/","name":"Domaine du Ruisseau | Projet r\u00e9sidentiel \u00e0 Val-des-Monts, QC","description":"Projet r&eacute;sidentiel &agrave; Val-des-Monts, QC","publisher":{"@id":"https:\/\/domaineduruisseau.ca\/#organization"},"potentialAction":[{"@type":"SearchAction","target":{"@type":"EntryPoint","urlTemplate":"https:\/\/domaineduruisseau.ca\/?s={search_term_string}"},"query-input":{"@type":"PropertyValueSpecification","valueRequired":true,"valueName":"search_term_string"}}],"inLanguage":"en-CA"},{"@type":"Organization","@id":"https:\/\/domaineduruisseau.ca\/#organization","name":"Domaine du Ruisseau | Projet r\u00e9sidentiel \u00e0 Val-des-Monts, QC","url":"https:\/\/domaineduruisseau.ca\/","logo":{"@type":"ImageObject","inLanguage":"en-CA","@id":"https:\/\/domaineduruisseau.ca\/#\/schema\/logo\/image\/","url":"https:\/\/domaineduruisseau.ca\/wp-content\/uploads\/2022\/11\/Logo-DDR_Noir.png","contentUrl":"https:\/\/domaineduruisseau.ca\/wp-content\/uploads\/2022\/11\/Logo-DDR_Noir.png","width":151,"height":176,"caption":"Domaine du Ruisseau | Projet r\u00e9sidentiel \u00e0 Val-des-Monts, QC"},"image":{"@id":"https:\/\/domaineduruisseau.ca\/#\/schema\/logo\/image\/"}}]}},"_links":{"self":[{"href":"http:\/\/domaineduruisseau.ca\/en\/wp-json\/wp\/v2\/pages\/18817","targetHints":{"allow":["GET"]}}],"collection":[{"href":"http:\/\/domaineduruisseau.ca\/en\/wp-json\/wp\/v2\/pages"}],"about":[{"href":"http:\/\/domaineduruisseau.ca\/en\/wp-json\/wp\/v2\/types\/page"}],"author":[{"embeddable":true,"href":"http:\/\/domaineduruisseau.ca\/en\/wp-json\/wp\/v2\/users\/2"}],"replies":[{"embeddable":true,"href":"http:\/\/domaineduruisseau.ca\/en\/wp-json\/wp\/v2\/comments?post=18817"}],"version-history":[{"count":21,"href":"http:\/\/domaineduruisseau.ca\/en\/wp-json\/wp\/v2\/pages\/18817\/revisions"}],"predecessor-version":[{"id":19155,"href":"http:\/\/domaineduruisseau.ca\/en\/wp-json\/wp\/v2\/pages\/18817\/revisions\/19155"}],"wp:attachment":[{"href":"http:\/\/domaineduruisseau.ca\/en\/wp-json\/wp\/v2\/media?parent=18817"}],"curies":[{"name":"wp","href":"https:\/\/api.w.org\/{rel}","templated":true}]}}